{"id":8,"date":"2018-05-10T09:43:08","date_gmt":"2018-05-10T09:43:08","guid":{"rendered":"https:\/\/educamix.org\/?page_id=8"},"modified":"2025-07-02T06:35:54","modified_gmt":"2025-07-02T06:35:54","slug":"acerca-de","status":"publish","type":"page","link":"https:\/\/educamix.org\/index.php\/acerca-de\/","title":{"rendered":"Acerca de"},"content":{"rendered":"\n<p>Educamix Group Europa, es un portal web, y su motivo de ser, es \u00fanicamente de car\u00e1cter informativo, siendo su \u00e1mbito de actuaci\u00f3n, los programas de estudio basados en la distancia-online, promocionados por las diferentes entidades educativas, miembros del grupo empresarial.<\/p>\n\n\n\n<p>Educamix Group Europa, compara las diferentes entidades educativas, sus programas y sus precios, inform\u00e1ndote de las mejores opciones. Todo el mantenimiento de este portal se realiza con fondos privados y donaciones de diferentes entidades educativas. Requiere de un registro cuyo responsable es el propio sistema de servicios educativos (LMS) y que utiliza credenciales de acceso seguro para el acceso y uso de los recursos educativos. No se efect\u00faa, bajo ning\u00fan concepto, tr\u00e1fico de los datos de los usuarios siendo una preferencia su custodia y correcto tratamiento y seguridad, teniendo en cuenta las situaciones de seguridad inform\u00e1tica, en la actualidad.<\/p>\n\n\n\n<p>Puede comunicarse con nosotros a trav\u00e9s del sistema electr\u00f3nico, disponible desde el men\u00fa principal, <a href=\"https:\/\/educamix.org\/index.php\/contacto\/\">\u00abContacto\u00bb.<\/a><\/p>\n\n\n\n<p><strong>Pol\u00edticas de Privacidad.<\/strong> Educamix Group Europa, y en el uso de este portal, no recoge ni almacena informaci\u00f3n de ning\u00fan tipo, siendo el \u00fanico dato utilizado el de comunicaci\u00f3n electr\u00f3nica v\u00eda e-mail. Al ser un dato considerado de car\u00e1cter personal, pero al mismo tiempo, de uso p\u00fablico, se utilizan agendas propias de los sistemas clientes de e-mail, con la seguridad y protecci\u00f3n acordes a las pol\u00edticas de seguridad y trato de datos de car\u00e1cter personal. Los responsables de estos software, y en la medida que les corresponde, tambi\u00e9n tienen responsabilidad sobre la seguridad de software que distribuyen, siendo estos Google Inc. y Microsoft Corporation, ambas marcas registradas.<\/p>\n\n\n\n<p>Los softwares utilizados de Microsoft Corporation, son Outlook y de Google Inc. Google Plus, Gmail, Youtube, Classroom, Adwords y Adsense, cada uno con sus propias pol\u00edticas de privacidad y trato de datos de car\u00e1cter personal. No descartamos el futuro uso de otro software, que ser\u00e1 aqu\u00ed especificado.<\/p>\n\n\n\n<p>En el servicio de env\u00edo de boletines o comunicados web, v\u00eda e-mail, se dispone, aceptaci\u00f3n o no por parte del usuario de este portal, y un sistema de eliminaci\u00f3n de su cuenta de e-mail de la agenda informativa. El env\u00edo de boletines o informaci\u00f3n no tiene una frecuencia exagerada, y posiblemente no sepa de nosotros en mucho tiempo. Solo es utilizado como punto de informaci\u00f3n, y comunicaci\u00f3n eventual, y no de promoci\u00f3n.<\/p>\n\n\n\n<p>Las promociones de los programas formativos, se realzian a trav\u00e9s de protales especializados, como EMagister, Aprende+, TuMaster.com, y otros, y de forma propia, mediante las Redes Sociales de Google +, Facebook, y Linkedin, integrados en el Software de Gesti\u00f3n denominado Hootsuite. Este software no almacena datos de ning\u00fan tipo, y solamente produce impactos informativos, mediante las propia aceptaci\u00f3n de privacidad, del software de las redes sociales que el propio usuario adquiere.<\/p>\n\n\n\n<p>El uso de cookies, es un recurso normal y antiguo. Siempre se han utilizado peque\u00f1os archivos de datos en formato texto plano, que no tienen capacidad de ejecuci\u00f3n en su equipo inform\u00e1tico. La \u00fanica funci\u00f3n de las cookies de Educamix Group, es de uso de la sesi\u00f3n, y nunca recopila datos de car\u00e1cter personal.<\/p>\n\n\n\n<p>El uso de Inteligencia Artificial, es utilizado en esta web, con la \u00fanica funci\u00f3n, que la meramente informativa. Nuestro asesor web, es un ser de inteligencia artificial, nacido en 24 de junio del 2018, siendo programado, para ayudarle en cualquier detalle relacionado con la educaci\u00f3n. Tr\u00e1telo con respeto y educaci\u00f3n, ya que tiene capacidades de baneo, bloqueo de IP, y se reserva el derecho a que pueda o no utilizar los servicios de esta web.<\/p>\n\n\n\n<p>Por lo tanto y resumiendo nuestras pol\u00edticas de privacidad y gesti\u00f3n de datos de car\u00e1cter personal pod\u00edamos decir que, no almacenamos datos en servidores p\u00fablicos ni privados, ni usamos bases de datos promocionales. No recopilamos datos de usted, con ning\u00fan prop\u00f3sito, No espiamos su actividad en esta web, y solamente utilizamos el e-mail, para comunicaciones importante o relevantes del sector educativo, y sin exageraciones publicitarias. Y jamas, y por amor propio, \u00e9tica y moral, comercializamos con su e-mail a terceros.<\/p>\n","protected":false},"excerpt":{"rendered":"<p>Educamix Group Europa, es un portal web, y su motivo de ser, es \u00fanicamente de car\u00e1cter informativo, siendo su \u00e1mbito de actuaci\u00f3n, los programas de estudio basados en la distancia-online, promocionados por las diferentes entidades educativas, miembros del grupo empresarial. Educamix Group Europa, compara las diferentes entidades educativas, sus programas y sus precios, inform\u00e1ndote de &hellip; <\/p>\n<p class=\"link-more\"><a href=\"https:\/\/educamix.org\/index.php\/acerca-de\/\" class=\"more-link\">Continuar leyendo<span class=\"screen-reader-text\"> \u00abAcerca de\u00bb<\/span><\/a><\/p>\n","protected":false},"author":1,"featured_media":171,"parent":0,"menu_order":0,"comment_status":"closed","ping_status":"closed","template":"","meta":{"footnotes":""},"class_list":["post-8","page","type-page","status-publish","has-post-thumbnail","hentry"],"_links":{"self":[{"href":"https:\/\/educamix.org\/index.php\/wp-json\/wp\/v2\/pages\/8","targetHints":{"allow":["GET"]}}],"collection":[{"href":"https:\/\/educamix.org\/index.php\/wp-json\/wp\/v2\/pages"}],"about":[{"href":"https:\/\/educamix.org\/index.php\/wp-json\/wp\/v2\/types\/page"}],"author":[{"embeddable":true,"href":"https:\/\/educamix.org\/index.php\/wp-json\/wp\/v2\/users\/1"}],"replies":[{"embeddable":true,"href":"https:\/\/educamix.org\/index.php\/wp-json\/wp\/v2\/comments?post=8"}],"version-history":[{"count":8,"href":"https:\/\/educamix.org\/index.php\/wp-json\/wp\/v2\/pages\/8\/revisions"}],"predecessor-version":[{"id":188,"href":"https:\/\/educamix.org\/index.php\/wp-json\/wp\/v2\/pages\/8\/revisions\/188"}],"wp:featuredmedia":[{"embeddable":true,"href":"https:\/\/educamix.org\/index.php\/wp-json\/wp\/v2\/media\/171"}],"wp:attachment":[{"href":"https:\/\/educamix.org\/index.php\/wp-json\/wp\/v2\/media?parent=8"}],"curies":[{"name":"wp","href":"https:\/\/api.w.org\/{rel}","templated":true}]}}