{"id":7,"date":"2018-05-10T09:43:08","date_gmt":"2018-05-10T09:43:08","guid":{"rendered":"https:\/\/educamix.org\/?page_id=7"},"modified":"2025-07-02T06:18:41","modified_gmt":"2025-07-02T06:18:41","slug":"inicio","status":"publish","type":"page","link":"https:\/\/educamix.org\/","title":{"rendered":"Bienvenido a Educamix Group Europa"},"content":{"rendered":"<p style=\"text-align: justify;\">Educamix Europa es un grupo educativo empresarial internacional, dedicado exclusivamente a la informaci\u00f3n, sobre Formaci\u00f3n, en modalidades, a distancia y online.<\/p>\n<p style=\"text-align: justify;\">Ofrecemos a nuestros integrantes, servicios de formaci\u00f3n, asesor\u00eda, auditor\u00eda, e implantaci\u00f3n de servicios educativos.<\/p>\n<p style=\"text-align: justify;\">Integrarse en nuestras filas, requiere de una solicitud simple de afiliaci\u00f3n anual, la cual le permite acceso a nuestros servicios de asesor\u00eda y de formaci\u00f3n, en materias, especificas para los centros de formaci\u00f3n y entidades educativas privadas.<\/p>\n<p style=\"text-align: justify;\">Si desea, mas informaci\u00f3n, le invitamos a la lectura de nuestra pagina web o contactar con nosotros, coment\u00e1ndonos su caso.<\/p>\n<p style=\"text-align: justify;\">Bienvenido a Educamix Group Europa.<\/p>\n","protected":false},"excerpt":{"rendered":"<p>Educamix Europa es un grupo educativo empresarial internacional, dedicado exclusivamente a la informaci\u00f3n, sobre Formaci\u00f3n, en modalidades, a distancia y online. Ofrecemos a nuestros integrantes, servicios de formaci\u00f3n, asesor\u00eda, auditor\u00eda, e implantaci\u00f3n de servicios educativos. Integrarse en nuestras filas, requiere de una solicitud simple de afiliaci\u00f3n anual, la cual le permite acceso a nuestros servicios &hellip; <\/p>\n<p class=\"link-more\"><a href=\"https:\/\/educamix.org\/\" class=\"more-link\">Continuar leyendo<span class=\"screen-reader-text\"> \u00abBienvenido a Educamix Group Europa\u00bb<\/span><\/a><\/p>\n","protected":false},"author":1,"featured_media":46,"parent":0,"menu_order":0,"comment_status":"closed","ping_status":"closed","template":"","meta":{"footnotes":""},"class_list":["post-7","page","type-page","status-publish","has-post-thumbnail","hentry"],"_links":{"self":[{"href":"https:\/\/educamix.org\/index.php\/wp-json\/wp\/v2\/pages\/7","targetHints":{"allow":["GET"]}}],"collection":[{"href":"https:\/\/educamix.org\/index.php\/wp-json\/wp\/v2\/pages"}],"about":[{"href":"https:\/\/educamix.org\/index.php\/wp-json\/wp\/v2\/types\/page"}],"author":[{"embeddable":true,"href":"https:\/\/educamix.org\/index.php\/wp-json\/wp\/v2\/users\/1"}],"replies":[{"embeddable":true,"href":"https:\/\/educamix.org\/index.php\/wp-json\/wp\/v2\/comments?post=7"}],"version-history":[{"count":5,"href":"https:\/\/educamix.org\/index.php\/wp-json\/wp\/v2\/pages\/7\/revisions"}],"predecessor-version":[{"id":186,"href":"https:\/\/educamix.org\/index.php\/wp-json\/wp\/v2\/pages\/7\/revisions\/186"}],"wp:featuredmedia":[{"embeddable":true,"href":"https:\/\/educamix.org\/index.php\/wp-json\/wp\/v2\/media\/46"}],"wp:attachment":[{"href":"https:\/\/educamix.org\/index.php\/wp-json\/wp\/v2\/media?parent=7"}],"curies":[{"name":"wp","href":"https:\/\/api.w.org\/{rel}","templated":true}]}}