{"id":176,"date":"2025-07-02T06:12:07","date_gmt":"2025-07-02T06:12:07","guid":{"rendered":"https:\/\/educamix.org\/?page_id=176"},"modified":"2025-07-02T06:15:41","modified_gmt":"2025-07-02T06:15:41","slug":"u-p-e-universidad-de-los-pueblos-de-europa","status":"publish","type":"page","link":"https:\/\/educamix.org\/index.php\/u-p-e-universidad-de-los-pueblos-de-europa\/","title":{"rendered":"U.P.E. Universidad de los Pueblos de Europa"},"content":{"rendered":"<p><img loading=\"lazy\" decoding=\"async\" class=\"alignnone wp-image-175 size-full\" src=\"https:\/\/educamix.org\/wp-content\/uploads\/2025\/07\/UPE.png\" alt=\"\" width=\"915\" height=\"169\" srcset=\"https:\/\/educamix.org\/wp-content\/uploads\/2025\/07\/UPE.png 915w, https:\/\/educamix.org\/wp-content\/uploads\/2025\/07\/UPE-300x55.png 300w, https:\/\/educamix.org\/wp-content\/uploads\/2025\/07\/UPE-768x142.png 768w\" sizes=\"auto, (max-width: 767px) 89vw, (max-width: 1000px) 54vw, (max-width: 1071px) 543px, 580px\" \/><\/p>\n<p>U.P.E. Universidad de los Pueblos de Europa, es una instituci\u00f3n privada e independiente de educaci\u00f3n superior a distancia, mediante la metodolog\u00eda propia \u00abGlobal Distance E-Learning\u00bb, que integra las caracter\u00edsticas y directrices de la formaci\u00f3n a distancia tradicional, con varias Tecnolog\u00edas de la Informaci\u00f3n y Comunicaci\u00f3n e Inteligencia Artificial.<\/p>\n<p>U.P.E. Universidad de los Pueblos de Europa, est\u00e1 registrada y legalizada en el Reino de Espa\u00f1a (UE), con el c\u00f3digo de identificaci\u00f3n: CD.1505 y CIF. B29651064, cuya Sede Principal para los Pa\u00edses de Habla Hispana est\u00e1 ubicada en la C\/ Francisco Jim\u00e9nez Lomas, 5 C.P. 29004 \u2013 M\u00e1laga, Reino de Espa\u00f1a (UE); Telf.: (+34) 952 307 912 \/ Telf.: (+34) 580 929 057; Fax: (+34) 952 277 020; <a href=\"http:\/\/upe-edu.org\/formulario-de-contacto-2\/\" target=\"_blank\" rel=\"noopener\">Correo electr\u00f3nico<\/a>; <a href=\"https:\/\/wa.me\/qr\/6B5UD7JUY53DO1\" target=\"_blank\" rel=\"noopener\">WhatsApp<\/a>, URL: <a href=\"https:\/\/www.upe edu.org\" target=\"_blank\" rel=\"noopener\" data-wplink-url-error=\"true\">https:\/\/www.upe edu.org<\/a>.<\/p>\n<p>U.P.E. Universidad de los Pueblos de Europa, est\u00e1 acreditada y es miembro de pleno derecho por la Comisi\u00f3n de Educaci\u00f3n Superior del C.U.E. University Euro\u00b7American Consortium (EU).<\/p>\n","protected":false},"excerpt":{"rendered":"<p>U.P.E. Universidad de los Pueblos de Europa, es una instituci\u00f3n privada e independiente de educaci\u00f3n superior a distancia, mediante la metodolog\u00eda propia \u00abGlobal Distance E-Learning\u00bb, que integra las caracter\u00edsticas y directrices de la formaci\u00f3n a distancia tradicional, con varias Tecnolog\u00edas de la Informaci\u00f3n y Comunicaci\u00f3n e Inteligencia Artificial. U.P.E. Universidad de los Pueblos de Europa, &hellip; <\/p>\n<p class=\"link-more\"><a href=\"https:\/\/educamix.org\/index.php\/u-p-e-universidad-de-los-pueblos-de-europa\/\" class=\"more-link\">Continuar leyendo<span class=\"screen-reader-text\"> \u00abU.P.E. Universidad de los Pueblos de Europa\u00bb<\/span><\/a><\/p>\n","protected":false},"author":1,"featured_media":171,"parent":0,"menu_order":0,"comment_status":"closed","ping_status":"closed","template":"","meta":{"footnotes":""},"class_list":["post-176","page","type-page","status-publish","has-post-thumbnail","hentry"],"_links":{"self":[{"href":"https:\/\/educamix.org\/index.php\/wp-json\/wp\/v2\/pages\/176","targetHints":{"allow":["GET"]}}],"collection":[{"href":"https:\/\/educamix.org\/index.php\/wp-json\/wp\/v2\/pages"}],"about":[{"href":"https:\/\/educamix.org\/index.php\/wp-json\/wp\/v2\/types\/page"}],"author":[{"embeddable":true,"href":"https:\/\/educamix.org\/index.php\/wp-json\/wp\/v2\/users\/1"}],"replies":[{"embeddable":true,"href":"https:\/\/educamix.org\/index.php\/wp-json\/wp\/v2\/comments?post=176"}],"version-history":[{"count":5,"href":"https:\/\/educamix.org\/index.php\/wp-json\/wp\/v2\/pages\/176\/revisions"}],"predecessor-version":[{"id":182,"href":"https:\/\/educamix.org\/index.php\/wp-json\/wp\/v2\/pages\/176\/revisions\/182"}],"wp:featuredmedia":[{"embeddable":true,"href":"https:\/\/educamix.org\/index.php\/wp-json\/wp\/v2\/media\/171"}],"wp:attachment":[{"href":"https:\/\/educamix.org\/index.php\/wp-json\/wp\/v2\/media?parent=176"}],"curies":[{"name":"wp","href":"https:\/\/api.w.org\/{rel}","templated":true}]}}