{"id":158,"date":"2025-07-01T11:28:49","date_gmt":"2025-07-01T11:28:49","guid":{"rendered":"https:\/\/educamix.org\/?page_id=158"},"modified":"2025-07-02T05:38:38","modified_gmt":"2025-07-02T05:38:38","slug":"acepa","status":"publish","type":"page","link":"https:\/\/educamix.org\/index.php\/acepa\/","title":{"rendered":"ACEPA"},"content":{"rendered":"<div id=\"pl-gb158-69e5f711a4d93\"  class=\"panel-layout\" ><div id=\"pg-gb158-69e5f711a4d93-0\"  class=\"panel-grid panel-no-style\" ><div id=\"pgc-gb158-69e5f711a4d93-0-0\"  class=\"panel-grid-cell\" ><div id=\"panel-gb158-69e5f711a4d93-0-0-0\" class=\"so-panel widget widget_text panel-first-child panel-last-child\" data-index=\"0\" ><h3 class=\"widget-title\">Acerca de<\/h3>\t\t\t<div class=\"textwidget\"><p><\/p>\n<p><img loading=\"lazy\" decoding=\"async\" class=\"alignnone wp-image-169 size-full\" src=\"https:\/\/educamix.org\/wp-content\/uploads\/2025\/07\/acepa.png\" alt=\"\" width=\"915\" height=\"169\" srcset=\"https:\/\/educamix.org\/wp-content\/uploads\/2025\/07\/acepa.png 915w, https:\/\/educamix.org\/wp-content\/uploads\/2025\/07\/acepa-300x55.png 300w, https:\/\/educamix.org\/wp-content\/uploads\/2025\/07\/acepa-768x142.png 768w\" sizes=\"auto, (max-width: 767px) 89vw, (max-width: 1000px) 54vw, (max-width: 1071px) 543px, 580px\" \/><\/p>\n<p>ACEPA es una sociedad legalmente constituida Registro Mercantil de M\u00e1laga en 26.08.92, hoja MA-7975, folio 121, tomo 1277, libro 190, secci\u00f3n general inscripci\u00f3n 1\u00ba, CIF- B 29578739, con 38 a\u00f1os de actividad en el \u00e1rea educativa espa\u00f1ol y pioneros en impartir formaci\u00f3n online en idioma espa\u00f1ol.<\/p>\n<p> <\/p>\n<p>ACEPA es un centro privado de Ense\u00f1anza Profesional conforme al Art. 24.1 de la Ley Org\u00e1nica 1\/1990 de 3 de Octubre de ordenaci\u00f3n general del Sistema Educativo quedando sometida al derecho com\u00fan.<\/p>\n<p> <\/p>\n<p><strong>URL: <\/strong><a href=\"https:\/\/www.acepa.info\" target=\"_blank\" rel=\"noopener\">https:\/\/www.acepa.info<\/a><br \/>\n<strong>Contacto:<\/strong> <a href=\"https:\/\/acepa.info\/?page_id=296\" target=\"_blank\" rel=\"noopener\">https:\/\/acepa.info\/?page_id=296<\/a><\/p>\n<p><\/p>\n<\/div>\n\t\t<\/div><\/div><\/div><\/div>","protected":false},"excerpt":{"rendered":"<p>ACEPA es una sociedad legalmente constituida Registro Mercantil de M\u00e1laga en 26.08.92, hoja MA-7975, folio 121, tomo 1277, libro 190, secci\u00f3n general inscripci\u00f3n 1\u00ba, CIF- B 29578739, con 38 a\u00f1os de actividad en el \u00e1rea educativa espa\u00f1ol y pioneros en impartir formaci\u00f3n online en idioma espa\u00f1ol. ACEPA es un centro privado de Ense\u00f1anza Profesional conforme &hellip; <\/p>\n<p class=\"link-more\"><a href=\"https:\/\/educamix.org\/index.php\/acepa\/\" class=\"more-link\">Continuar leyendo<span class=\"screen-reader-text\"> \u00abACEPA\u00bb<\/span><\/a><\/p>\n","protected":false},"author":1,"featured_media":171,"parent":0,"menu_order":0,"comment_status":"closed","ping_status":"closed","template":"","meta":{"footnotes":""},"class_list":["post-158","page","type-page","status-publish","has-post-thumbnail","hentry"],"_links":{"self":[{"href":"https:\/\/educamix.org\/index.php\/wp-json\/wp\/v2\/pages\/158","targetHints":{"allow":["GET"]}}],"collection":[{"href":"https:\/\/educamix.org\/index.php\/wp-json\/wp\/v2\/pages"}],"about":[{"href":"https:\/\/educamix.org\/index.php\/wp-json\/wp\/v2\/types\/page"}],"author":[{"embeddable":true,"href":"https:\/\/educamix.org\/index.php\/wp-json\/wp\/v2\/users\/1"}],"replies":[{"embeddable":true,"href":"https:\/\/educamix.org\/index.php\/wp-json\/wp\/v2\/comments?post=158"}],"version-history":[{"count":5,"href":"https:\/\/educamix.org\/index.php\/wp-json\/wp\/v2\/pages\/158\/revisions"}],"predecessor-version":[{"id":172,"href":"https:\/\/educamix.org\/index.php\/wp-json\/wp\/v2\/pages\/158\/revisions\/172"}],"wp:featuredmedia":[{"embeddable":true,"href":"https:\/\/educamix.org\/index.php\/wp-json\/wp\/v2\/media\/171"}],"wp:attachment":[{"href":"https:\/\/educamix.org\/index.php\/wp-json\/wp\/v2\/media?parent=158"}],"curies":[{"name":"wp","href":"https:\/\/api.w.org\/{rel}","templated":true}]}}