{"id":125,"date":"2019-08-28T14:31:34","date_gmt":"2019-08-28T14:31:34","guid":{"rendered":"https:\/\/educamix.org\/?page_id=125"},"modified":"2025-07-02T05:39:51","modified_gmt":"2025-07-02T05:39:51","slug":"cambridge-international-univeristy","status":"publish","type":"page","link":"https:\/\/educamix.org\/index.php\/cambridge-international-univeristy\/","title":{"rendered":"Cambridge International University"},"content":{"rendered":"<div id=\"pl-gb125-69e615dc21e07\"  class=\"panel-layout\" ><div id=\"pg-gb125-69e615dc21e07-0\"  class=\"panel-grid panel-no-style\" ><div id=\"pgc-gb125-69e615dc21e07-0-0\"  class=\"panel-grid-cell\" ><div id=\"panel-gb125-69e615dc21e07-0-0-0\" class=\"so-panel widget widget_text panel-first-child panel-last-child\" data-index=\"0\" ><h3 class=\"widget-title\">Informaci\u00f3n Institucional<\/h3>\t\t\t<div class=\"textwidget\"><p><img loading=\"lazy\" decoding=\"async\" class=\"alignnone wp-image-155 size-full\" src=\"https:\/\/educamix.org\/wp-content\/uploads\/2025\/06\/CIU-1.png\" alt=\"\" width=\"915\" height=\"169\" srcset=\"https:\/\/educamix.org\/wp-content\/uploads\/2025\/06\/CIU-1.png 915w, https:\/\/educamix.org\/wp-content\/uploads\/2025\/06\/CIU-1-300x55.png 300w, https:\/\/educamix.org\/wp-content\/uploads\/2025\/06\/CIU-1-768x142.png 768w\" sizes=\"auto, (max-width: 767px) 89vw, (max-width: 1000px) 54vw, (max-width: 1071px) 543px, 580px\" \/><\/p>\n<p>C.I.U. Cambridge International University, es una instituci\u00f3n privada e independiente, de educaci\u00f3n superior de personas adultas, mediante la metodolog\u00eda \u00abDistance Global Learning\u00bb, que integra las caracter\u00edsticas de la formaci\u00f3n a Distancia con aplicaci\u00f3n de las TIC, Tecnolog\u00edas de la Informaci\u00f3n y Comunicaci\u00f3n. C.I.U. Cambridge International University, Inc. est\u00e1 domiciliada en 151 SW ROAD#1891, Miami, Florida, 33129, EEUU, con Sede Principal en 1.860 SW 12th Street, Miami, Florida, 33135, EEUU. Est\u00e1 legalmente registrada e incorporada bajo las leyes del Estado de Florida, EE.UU. Codex: P12000025755 y CIF 39-2080764. Para su actividad acad\u00e9mica en la UE, est\u00e1 registrada y legalizada en el Reino de Espa\u00f1a (UE), con el n\u00famero de identificaci\u00f3n CIF: W4006629B, cuya Oficina de Atenci\u00f3n al P\u00fablico, de la Sede Principal para los Pa\u00edses de Habla Hispana est\u00e1 ubicada en la C\/ Victoria M\u00e9rida y Piret, 6,Lc. 5 &#8211; 29004 &#8211; M\u00e1laga &#8211; Espa\u00f1a (UE).<\/p>\n<p><strong>Contacto Web:<\/strong> <a href=\"https:\/\/www.ciu-edu.org\/?p=349\" target=\"_blank\" rel=\"noopener\">https:\/\/www.ciu-edu.org\/?p=349<\/a><br \/>\n<strong>URL:<\/strong> <a href=\"https:\/\/www.ciu-edu.org\" target=\"_blank\" rel=\"noopener\">https:\/\/www.ciu-edu.org<\/a><\/p>\n<p><a href=\"https:\/\/web.whatsapp.com\/send?phone=+34670612202&amp;text=Hola,%20deseo%20comunicarme%20con%20CIU\" target=\"_blank\" rel=\"noopener\"><img loading=\"lazy\" decoding=\"async\" class=\"alignnone wp-image-152\" src=\"https:\/\/educamix.org\/wp-content\/uploads\/2025\/06\/WhatsApp.png\" alt=\"\" width=\"30\" height=\"30\" \/><\/a><\/p>\n<\/div>\n\t\t<\/div><\/div><\/div><\/div>","protected":false},"excerpt":{"rendered":"<p>C.I.U. Cambridge International University, es una instituci\u00f3n privada e independiente, de educaci\u00f3n superior de personas adultas, mediante la metodolog\u00eda \u00abDistance Global Learning\u00bb, que integra las caracter\u00edsticas de la formaci\u00f3n a Distancia con aplicaci\u00f3n de las TIC, Tecnolog\u00edas de la Informaci\u00f3n y Comunicaci\u00f3n. C.I.U. Cambridge International University, Inc. est\u00e1 domiciliada en 151 SW ROAD#1891, Miami, Florida, &hellip; <\/p>\n<p class=\"link-more\"><a href=\"https:\/\/educamix.org\/index.php\/cambridge-international-univeristy\/\" class=\"more-link\">Continuar leyendo<span class=\"screen-reader-text\"> \u00abCambridge International University\u00bb<\/span><\/a><\/p>\n","protected":false},"author":1,"featured_media":171,"parent":0,"menu_order":0,"comment_status":"closed","ping_status":"closed","template":"","meta":{"footnotes":""},"class_list":["post-125","page","type-page","status-publish","has-post-thumbnail","hentry"],"_links":{"self":[{"href":"https:\/\/educamix.org\/index.php\/wp-json\/wp\/v2\/pages\/125","targetHints":{"allow":["GET"]}}],"collection":[{"href":"https:\/\/educamix.org\/index.php\/wp-json\/wp\/v2\/pages"}],"about":[{"href":"https:\/\/educamix.org\/index.php\/wp-json\/wp\/v2\/types\/page"}],"author":[{"embeddable":true,"href":"https:\/\/educamix.org\/index.php\/wp-json\/wp\/v2\/users\/1"}],"replies":[{"embeddable":true,"href":"https:\/\/educamix.org\/index.php\/wp-json\/wp\/v2\/comments?post=125"}],"version-history":[{"count":6,"href":"https:\/\/educamix.org\/index.php\/wp-json\/wp\/v2\/pages\/125\/revisions"}],"predecessor-version":[{"id":173,"href":"https:\/\/educamix.org\/index.php\/wp-json\/wp\/v2\/pages\/125\/revisions\/173"}],"wp:featuredmedia":[{"embeddable":true,"href":"https:\/\/educamix.org\/index.php\/wp-json\/wp\/v2\/media\/171"}],"wp:attachment":[{"href":"https:\/\/educamix.org\/index.php\/wp-json\/wp\/v2\/media?parent=125"}],"curies":[{"name":"wp","href":"https:\/\/api.w.org\/{rel}","templated":true}]}}